{"id":234,"date":"2025-04-09T11:35:42","date_gmt":"2025-04-09T11:35:42","guid":{"rendered":"https:\/\/slategray-fly-310049.hostingersite.com\/?page_id=234"},"modified":"2025-09-06T14:54:16","modified_gmt":"2025-09-06T14:54:16","slug":"kanal-listesi","status":"publish","type":"page","link":"https:\/\/iptvturk.store\/index.php\/kanal-listesi\/","title":{"rendered":"Kanal Listesi"},"content":{"rendered":"\t\t<div data-elementor-type=\"wp-page\" data-elementor-id=\"234\" class=\"elementor elementor-234\">\n\t\t\t\t<div class=\"elementor-element elementor-element-2cd1ad4 e-flex e-con-boxed wpr-particle-no wpr-jarallax-no wpr-parallax-no wpr-sticky-section-no wpr-equal-height-no e-con e-parent\" data-id=\"2cd1ad4\" data-element_type=\"container\" data-e-type=\"container\">\n\t\t\t\t\t<div class=\"e-con-inner\">\n\t\t\t\t<div class=\"elementor-element elementor-element-81847e0 elementor-widget elementor-widget-html\" data-id=\"81847e0\" data-element_type=\"widget\" data-e-type=\"widget\" data-widget_type=\"html.default\">\n\t\t\t\t<div class=\"elementor-widget-container\">\n\t\t\t\t\t<style>\r\n.channel-section {\r\n  margin-bottom: 40px;\r\n}\r\n\r\n.channel-section h3 {\r\n  font-size: 22px;\r\n  margin-bottom: 15px;\r\n  color: #333;\r\n}\r\n\r\n.channel-list {\r\n  display: flex;\r\n  flex-wrap: wrap;\r\n  gap: 10px;\r\n}\r\n\r\n.channel-box {\r\n  background-color: #f9f9f9;\r\n  border: 1px solid #ddd;\r\n  border-radius: 8px;\r\n  padding: 8px 12px;\r\n  font-size: 14px;\r\n  color: #222;\r\n  box-shadow: 1px 1px 4px rgba(0,0,0,0.05);\r\n  transition: all 0.3s ease;\r\n}\r\n\r\n.channel-box:hover {\r\n  background-color: #e8f4ff;\r\n  border-color: #0073e6;\r\n  color: #0073e6;\r\n}\r\n\r\n.more-text {\r\n  margin-top: 15px;\r\n  font-style: italic;\r\n  color: #555;\r\n}\r\n\r\nh2 {\r\n  text-align: center;\r\n  font-weight: normal;\r\n}\r\n<\/style>\r\n\r\n<h2>Kanal Listesi<\/h2>\r\n\r\n<!-- \ud83c\uddf9\ud83c\uddf7 Turkish Channels -->\r\n<div class=\"channel-section\">\r\n  <h3>\ud83c\uddf9\ud83c\uddf7 T\u00fcrk Premium Kanallar<\/h3>\r\n  <div class=\"channel-list\">\r\n    <div class=\"channel-box\">TRT 1<\/div>\r\n    <div class=\"channel-box\">Show TV<\/div>\r\n    <div class=\"channel-box\">ATV<\/div>\r\n    <div class=\"channel-box\">Star TV<\/div>\r\n    <div class=\"channel-box\">FOX T\u00fcrkiye<\/div>\r\n    <div class=\"channel-box\">Kanal D<\/div>\r\n    <div class=\"channel-box\">TV8<\/div>\r\n    <div class=\"channel-box\">TRT Spor<\/div>\r\n    <div class=\"channel-box\">TRT Belgesel<\/div>\r\n    <div class=\"channel-box\">TRT \u00c7ocuk<\/div>\r\n    <div class=\"channel-box\">GS TV<\/div>\r\n    <div class=\"channel-box\">FB TV<\/div>\r\n    <div class=\"channel-box\">BJK TV<\/div>\r\n    <div class=\"channel-box\">NTV<\/div>\r\n    <div class=\"channel-box\">CNN T\u00fcrk<\/div>\r\n    <div class=\"channel-box\">HaberT\u00fcrk<\/div>\r\n    <div class=\"channel-box\">Kral TV<\/div>\r\n    <div class=\"channel-box\">PowerT\u00fcrk<\/div>\r\n    <div class=\"channel-box\">TLC T\u00fcrkiye<\/div>\r\n    <div class=\"channel-box\">DMAX<\/div>\r\n    <div class=\"channel-box\">360 TV<\/div>\r\n    <div class=\"channel-box\">TVNET<\/div>\r\n    <div class=\"channel-box\">Beyaz TV<\/div>\r\n    <div class=\"channel-box\">A Haber<\/div>\r\n    <div class=\"channel-box\">TV100<\/div>\r\n    <div class=\"channel-box\">TRT M\u00fczik<\/div>\r\n    <div class=\"channel-box\">Show Max<\/div>\r\n    <div class=\"channel-box\">Show T\u00fcrk<\/div>\r\n    <div class=\"channel-box\">Minika GO<\/div>\r\n    <div class=\"channel-box\">Minika \u00c7ocuk<\/div>\r\n    <div class=\"channel-box\">Planet T\u00fcrk<\/div>\r\n    <div class=\"channel-box\">Planet Sinema<\/div>\r\n    <div class=\"channel-box\">Planet Mutfak<\/div>\r\n    <div class=\"channel-box\">Planet \u00c7ocuk<\/div>\r\n    <div class=\"channel-box\">Bloomberg HT<\/div>\r\n    <div class=\"channel-box\">CNBC-e<\/div>\r\n    <div class=\"channel-box\">Number One T\u00fcrk<\/div>\r\n    <div class=\"channel-box\">Dream T\u00fcrk<\/div>\r\n    <div class=\"channel-box\">Dream TV<\/div>\r\n    <div class=\"channel-box\">Show Comedy<\/div>\r\n    <div class=\"channel-box\">Show Action<\/div>\r\n    <div class=\"channel-box\">BeIN Sports 1<\/div>\r\n    <div class=\"channel-box\">BeIN Sports 2<\/div>\r\n    <div class=\"channel-box\">BeIN Sports 3<\/div>\r\n    <div class=\"channel-box\">BeIN Movies<\/div>\r\n    <div class=\"channel-box\">GS TV HD<\/div>\r\n    <div class=\"channel-box\">Haber Global<\/div>\r\n    <div class=\"channel-box\">TEVE2<\/div>\r\n    <div class=\"channel-box\">TV5<\/div>\r\n    <div class=\"channel-box\">\u00dclke TV<\/div>\r\n    <div class=\"channel-box\">A2<\/div>\r\n    <div class=\"channel-box\">S Sport<\/div>\r\n    <div class=\"channel-box\">S Sport 2<\/div>\r\n    <div class=\"channel-box\">TRT Arabi<\/div>\r\n    <div class=\"channel-box\">TRT World<\/div>\r\n    <div class=\"channel-box\">Kanal 7<\/div>\r\n    <div class=\"channel-box\">Vav TV<\/div>\r\n    <!-- ...add more if needed -->\r\n  <\/div>\r\n  <p class=\"more-text\">ve daha fazlas\u0131...<\/p>\r\n<\/div>\r\n\r\n<!-- \ud83c\uddfa\ud83c\uddf8 USA Channels -->\r\n<div class=\"channel-section\">\r\n  <h3>\ud83c\uddfa\ud83c\uddf8 USA Premium Channels<\/h3>\r\n  <div class=\"channel-list\">\r\n    <div class=\"channel-box\">HBO<\/div>\r\n    <div class=\"channel-box\">HBO 2<\/div>\r\n    <div class=\"channel-box\">Showtime<\/div>\r\n    <div class=\"channel-box\">Showtime Extreme<\/div>\r\n    <div class=\"channel-box\">Starz<\/div>\r\n    <div class=\"channel-box\">Starz Edge<\/div>\r\n    <div class=\"channel-box\">Starz Comedy<\/div>\r\n    <div class=\"channel-box\">Cinemax<\/div>\r\n    <div class=\"channel-box\">Cinemax Action<\/div>\r\n    <div class=\"channel-box\">The Movie Channel<\/div>\r\n    <div class=\"channel-box\">TMC Xtra<\/div>\r\n    <div class=\"channel-box\">ESPN<\/div>\r\n    <div class=\"channel-box\">ESPN 2<\/div>\r\n    <div class=\"channel-box\">NFL Network<\/div>\r\n    <div class=\"channel-box\">NBA TV<\/div>\r\n    <div class=\"channel-box\">MLB Network<\/div>\r\n    <div class=\"channel-box\">NBC<\/div>\r\n    <div class=\"channel-box\">ABC<\/div>\r\n    <div class=\"channel-box\">CBS<\/div>\r\n    <div class=\"channel-box\">FOX<\/div>\r\n    <div class=\"channel-box\">CNN<\/div>\r\n    <div class=\"channel-box\">MSNBC<\/div>\r\n    <div class=\"channel-box\">CNBC<\/div>\r\n    <div class=\"channel-box\">Fox News<\/div>\r\n    <div class=\"channel-box\">Fox Business<\/div>\r\n    <div class=\"channel-box\">Disney Channel<\/div>\r\n    <div class=\"channel-box\">Nickelodeon<\/div>\r\n    <div class=\"channel-box\">Nick Jr.<\/div>\r\n    <div class=\"channel-box\">Cartoon Network<\/div>\r\n    <div class=\"channel-box\">Boomerang<\/div>\r\n    <div class=\"channel-box\">History Channel<\/div>\r\n    <div class=\"channel-box\">Discovery Channel<\/div>\r\n    <div class=\"channel-box\">National Geographic<\/div>\r\n    <div class=\"channel-box\">Animal Planet<\/div>\r\n    <div class=\"channel-box\">TLC<\/div>\r\n    <div class=\"channel-box\">HGTV<\/div>\r\n    <div class=\"channel-box\">Food Network<\/div>\r\n    <div class=\"channel-box\">A&E<\/div>\r\n    <div class=\"channel-box\">AMC<\/div>\r\n    <div class=\"channel-box\">USA Network<\/div>\r\n    <div class=\"channel-box\">TBS<\/div>\r\n    <div class=\"channel-box\">TNT<\/div>\r\n    <div class=\"channel-box\">FX<\/div>\r\n    <div class=\"channel-box\">FXX<\/div>\r\n    <div class=\"channel-box\">MTV<\/div>\r\n    <div class=\"channel-box\">VH1<\/div>\r\n    <div class=\"channel-box\">BET<\/div>\r\n    <div class=\"channel-box\">OWN<\/div>\r\n    <div class=\"channel-box\">Oxygen<\/div>\r\n    <div class=\"channel-box\">Syfy<\/div>\r\n    <!-- ...add more if needed -->\r\n  <\/div>\r\n  <p class=\"more-text\">and more...<\/p>\r\n<\/div>\r\n\r\n<!-- \ud83c\uddea\ud83c\uddfa European Channels -->\r\n<div class=\"channel-section\">\r\n  <h3>\ud83c\uddea\ud83c\uddfa Avrupa Premium Kanallar<\/h3>\r\n  <div class=\"channel-list\">\r\n    <div class=\"channel-box\">Sky Sports<\/div>\r\n    <div class=\"channel-box\">Sky Atlantic<\/div>\r\n    <div class=\"channel-box\">Sky Cinema<\/div>\r\n    <div class=\"channel-box\">Canal+ Sport<\/div>\r\n    <div class=\"channel-box\">Canal+ Cinema<\/div>\r\n    <div class=\"channel-box\">BT Sport<\/div>\r\n    <div class=\"channel-box\">Eurosport 1<\/div>\r\n    <div class=\"channel-box\">Eurosport 2<\/div>\r\n    <div class=\"channel-box\">Rai 1<\/div>\r\n    <div class=\"channel-box\">Rai 2<\/div>\r\n    <div class=\"channel-box\">Rai 3<\/div>\r\n    <div class=\"channel-box\">BBC One<\/div>\r\n    <div class=\"channel-box\">BBC Two<\/div>\r\n    <div class=\"channel-box\">ITV<\/div>\r\n    <div class=\"channel-box\">Channel 4<\/div>\r\n    <div class=\"channel-box\">Channel 5<\/div>\r\n    <div class=\"channel-box\">ZDF<\/div>\r\n    <div class=\"channel-box\">ARD<\/div>\r\n    <div class=\"channel-box\">ProSieben<\/div>\r\n    <div class=\"channel-box\">RTL<\/div>\r\n    <div class=\"channel-box\">SAT.1<\/div>\r\n    <div class=\"channel-box\">VOX<\/div>\r\n    <div class=\"channel-box\">France 2<\/div>\r\n    <div class=\"channel-box\">France 3<\/div>\r\n    <div class=\"channel-box\">TF1<\/div>\r\n    <div class=\"channel-box\">M6<\/div>\r\n    <div class=\"channel-box\">TVE<\/div>\r\n    <div class=\"channel-box\">Antena 3<\/div>\r\n    <div class=\"channel-box\">Cuatro<\/div>\r\n    <div class=\"channel-box\">La Sexta<\/div>\r\n    <div class=\"channel-box\">RT\u00c9 One<\/div>\r\n    <div class=\"channel-box\">RT\u00c9 Two<\/div>\r\n    <div class=\"channel-box\">TVP1<\/div>\r\n    <div class=\"channel-box\">TVP2<\/div>\r\n    <div class=\"channel-box\">HRT 1<\/div>\r\n    <div class=\"channel-box\">HRT 2<\/div>\r\n    <div class=\"channel-box\">Nova TV<\/div>\r\n    <div class=\"channel-box\">BNT 1<\/div>\r\n    <div class=\"channel-box\">TVR 1<\/div>\r\n    <!-- ...add more if needed -->\r\n  <\/div>\r\n  <p class=\"more-text\">ve daha fazlas\u0131...<\/p>\r\n<\/div>\r\n\t\t\t\t<\/div>\n\t\t\t\t<\/div>\n\t\t\t\t\t<\/div>\n\t\t\t\t<\/div>\n\t\t\t\t<\/div>\n\t\t","protected":false},"excerpt":{"rendered":"<p>Kanal Listesi \ud83c\uddf9\ud83c\uddf7 T\u00fcrk Premium Kanallar TRT 1 Show TV ATV Star TV FOX T\u00fcrkiye Kanal D TV8 TRT Spor TRT Belgesel TRT \u00c7ocuk GS TV FB TV BJK TV NTV CNN T\u00fcrk HaberT\u00fcrk Kral TV PowerT\u00fcrk TLC T\u00fcrkiye DMAX 360 TV TVNET Beyaz TV A Haber TV100 TRT M\u00fczik Show Max Show T\u00fcrk Minika GO Minika \u00c7ocuk Planet T\u00fcrk Planet Sinema Planet Mutfak Planet \u00c7ocuk Bloomberg HT CNBC-e Number One T\u00fcrk Dream T\u00fcrk Dream TV Show Comedy Show Action BeIN Sports 1 BeIN Sports 2 BeIN Sports 3 BeIN Movies GS TV HD Haber Global TEVE2 TV5 \u00dclke TV A2 S Sport S Sport 2 TRT Arabi TRT World Kanal 7 Vav TV ve daha fazlas\u0131&#8230; \ud83c\uddfa\ud83c\uddf8 USA Premium Channels HBO HBO 2 Showtime Showtime Extreme Starz Starz Edge Starz Comedy Cinemax Cinemax Action The Movie Channel TMC Xtra ESPN ESPN 2 NFL Network NBA TV MLB Network NBC ABC CBS FOX CNN MSNBC CNBC Fox News Fox Business Disney Channel Nickelodeon Nick Jr. Cartoon Network Boomerang History Channel Discovery Channel National Geographic Animal Planet TLC HGTV Food Network A&#038;E AMC USA Network TBS TNT FX FXX MTV VH1 BET OWN Oxygen Syfy and more&#8230; \ud83c\uddea\ud83c\uddfa Avrupa Premium Kanallar Sky Sports Sky Atlantic Sky Cinema Canal+ Sport Canal+ Cinema BT Sport Eurosport 1 Eurosport 2 Rai 1 Rai 2 Rai 3 BBC One BBC Two ITV Channel 4 Channel 5 ZDF ARD ProSieben RTL SAT.1 VOX France 2 France 3 TF1 M6 TVE Antena 3 Cuatro La Sexta RT\u00c9 One RT\u00c9 Two TVP1 TVP2 HRT 1 HRT 2 Nova TV BNT 1 TVR 1 ve daha fazlas\u0131&#8230;<\/p>\n","protected":false},"author":1,"featured_media":0,"parent":0,"menu_order":0,"comment_status":"closed","ping_status":"closed","template":"","meta":{"site-sidebar-layout":"no-sidebar","site-content-layout":"","ast-site-content-layout":"full-width-container","site-content-style":"default","site-sidebar-style":"default","ast-global-header-display":"","ast-banner-title-visibility":"","ast-main-header-display":"","ast-hfb-above-header-display":"","ast-hfb-below-header-display":"","ast-hfb-mobile-header-display":"","site-post-title":"disabled","ast-breadcrumbs-content":"","ast-featured-img":"disabled","footer-sml-layout":"","ast-disable-related-posts":"","theme-transparent-header-meta":"","adv-header-id-meta":"","stick-header-meta":"","header-above-stick-meta":"","header-main-stick-meta":"","header-below-stick-meta":"","astra-migrate-meta-layouts":"default","ast-page-background-enabled":"default","ast-page-background-meta":{"desktop":{"background-color":"var(--ast-global-color-5)","background-image":"","background-repeat":"repeat","background-position":"center center","background-size":"auto","background-attachment":"scroll","background-type":"","background-media":"","overlay-type":"","overlay-color":"","overlay-opacity":"","overlay-gradient":""},"tablet":{"background-color":"","background-image":"","background-repeat":"repeat","background-position":"center center","background-size":"auto","background-attachment":"scroll","background-type":"","background-media":"","overlay-type":"","overlay-color":"","overlay-opacity":"","overlay-gradient":""},"mobile":{"background-color":"","background-image":"","background-repeat":"repeat","background-position":"center center","background-size":"auto","background-attachment":"scroll","background-type":"","background-media":"","overlay-type":"","overlay-color":"","overlay-opacity":"","overlay-gradient":""}},"ast-content-background-meta":{"desktop":{"background-color":"var(--ast-global-color-4)","background-image":"","background-repeat":"repeat","background-position":"center center","background-size":"auto","background-attachment":"scroll","background-type":"","background-media":"","overlay-type":"","overlay-color":"","overlay-opacity":"","overlay-gradient":""},"tablet":{"background-color":"var(--ast-global-color-4)","background-image":"","background-repeat":"repeat","background-position":"center center","background-size":"auto","background-attachment":"scroll","background-type":"","background-media":"","overlay-type":"","overlay-color":"","overlay-opacity":"","overlay-gradient":""},"mobile":{"background-color":"var(--ast-global-color-4)","background-image":"","background-repeat":"repeat","background-position":"center center","background-size":"auto","background-attachment":"scroll","background-type":"","background-media":"","overlay-type":"","overlay-color":"","overlay-opacity":"","overlay-gradient":""}},"footnotes":""},"class_list":["post-234","page","type-page","status-publish","hentry"],"rttpg_featured_image_url":null,"rttpg_author":{"display_name":"moncef.pro33@gmail.com","author_link":"https:\/\/iptvturk.store\/author\/powerhouseinfo11gmail-com\/"},"rttpg_comment":0,"rttpg_category":null,"rttpg_excerpt":"Kanal Listesi \ud83c\uddf9\ud83c\uddf7 T\u00fcrk Premium Kanallar TRT 1 Show TV ATV Star TV FOX T\u00fcrkiye Kanal D TV8 TRT Spor TRT Belgesel TRT \u00c7ocuk GS TV FB TV BJK TV NTV CNN T\u00fcrk HaberT\u00fcrk Kral TV PowerT\u00fcrk TLC T\u00fcrkiye DMAX 360 TV TVNET Beyaz TV A Haber TV100 TRT M\u00fczik Show Max Show T\u00fcrk Minika&hellip;","_links":{"self":[{"href":"https:\/\/iptvturk.store\/index.php\/wp-json\/wp\/v2\/pages\/234","targetHints":{"allow":["GET"]}}],"collection":[{"href":"https:\/\/iptvturk.store\/index.php\/wp-json\/wp\/v2\/pages"}],"about":[{"href":"https:\/\/iptvturk.store\/index.php\/wp-json\/wp\/v2\/types\/page"}],"author":[{"embeddable":true,"href":"https:\/\/iptvturk.store\/index.php\/wp-json\/wp\/v2\/users\/1"}],"replies":[{"embeddable":true,"href":"https:\/\/iptvturk.store\/index.php\/wp-json\/wp\/v2\/comments?post=234"}],"version-history":[{"count":12,"href":"https:\/\/iptvturk.store\/index.php\/wp-json\/wp\/v2\/pages\/234\/revisions"}],"predecessor-version":[{"id":1154,"href":"https:\/\/iptvturk.store\/index.php\/wp-json\/wp\/v2\/pages\/234\/revisions\/1154"}],"wp:attachment":[{"href":"https:\/\/iptvturk.store\/index.php\/wp-json\/wp\/v2\/media?parent=234"}],"curies":[{"name":"wp","href":"https:\/\/api.w.org\/{rel}","templated":true}]}}